{"id":6,"date":"2019-02-13T10:11:17","date_gmt":"2019-02-13T09:11:17","guid":{"rendered":"https:\/\/imkerverein-lohmen.de\/?page_id=6"},"modified":"2026-01-07T23:20:13","modified_gmt":"2026-01-07T22:20:13","slug":"startseite","status":"publish","type":"page","link":"https:\/\/imkerverein-lohmen.de\/","title":{"rendered":"Startseite"},"content":{"rendered":"\n<div class=\"wp-block-group\"><div class=\"wp-block-group__inner-container is-layout-flow wp-block-group-is-layout-flow\">\n<p>Der Imkerverein Lohmen und Umgebung e.V. wurde 1933 gegr\u00fcndet. <\/p>\n\n\n\n<p>1934 waren 71 Mitglieder mit ca. 700 V\u00f6lkern aus dem rechtselbigen Gebiet der S\u00e4chsischen Schweiz im Verein t\u00e4tig. <\/p>\n\n\n\n<p>Heute sind wir etwa 60 Mitglieder.<\/p>\n\n\n\n<p>Unser Lehrbienenstand in Stadt Wehlen und der Imkergarten in Rathewalde verfolgen das Ziel, neue Imker zu begeistern, Treffpunkt f\u00fcr andere Imker und Interessenten zu sein und dienen der Darstellung der Magazinimkerei.<\/p>\n\n\n\n<p>Einmal im Jahr findet eine Wanderversammlung statt, d.h. die Vereinsmitglieder verbringen mit ihrem Partner einen Nachmittag am Stand eines Vereinsmitgliedes. \u00dcblicherweise finden monatlich Treffen statt. Im Rahmen des Naturmarktes Stadt Wehlen wird ein Imkerfr\u00fchst\u00fcck am Lehrbienenstand durchgef\u00fchrt.<\/p>\n\n\n\n<p><strong>Neuigkeiten<\/strong> aus unserem Verein:<\/p>\n<\/div><\/div>\n\n\n<ul class=\"wp-block-latest-posts__list wp-block-latest-posts\"><li><a class=\"wp-block-latest-posts__post-title\" href=\"https:\/\/imkerverein-lohmen.de\/index.php\/2023\/09\/11\/steenbrecherfest-2023\/\">Steenbrecherfest 2023<\/a><div class=\"wp-block-latest-posts__post-excerpt\">Der Imkerverein konnte sich auf dem Steenbrecherfest 2023 mit einem Stand und w\u00e4hrend des Umzuges &#8222;Einzug der Steenbrecher&#8220; als Lohmener &hellip; <p class=\"link-more\"><a href=\"https:\/\/imkerverein-lohmen.de\/index.php\/2023\/09\/11\/steenbrecherfest-2023\/\" class=\"more-link\"><span class=\"screen-reader-text\">\u201eSteenbrecherfest 2023\u201c <\/span>weiterlesen<\/a><\/p><\/div><\/li>\n<li><a class=\"wp-block-latest-posts__post-title\" href=\"https:\/\/imkerverein-lohmen.de\/index.php\/2023\/04\/12\/d\/\">Die Jugend der lokalen Imker wieder sehr erfolgreich beim Wettbewerb &#8211; unser Gl\u00fcckwunsch<\/a><div class=\"wp-block-latest-posts__post-excerpt\">Erneut hat unsere Imkerjugend als Verbund stark abgeschnitten. Wir gratulieren den Teilnehmern zur tollen Leistung und W\u00fcnschen weiterhin gro\u00dfe Erfolge! &hellip; <p class=\"link-more\"><a href=\"https:\/\/imkerverein-lohmen.de\/index.php\/2023\/04\/12\/d\/\" class=\"more-link\"><span class=\"screen-reader-text\">\u201eDie Jugend der lokalen Imker wieder sehr erfolgreich beim Wettbewerb &#8211; unser Gl\u00fcckwunsch\u201c <\/span>weiterlesen<\/a><\/p><\/div><\/li>\n<\/ul>\n\n\n<p><strong>Au\u00dferdem:<\/strong> Ein Video zu einem Mitglied aus unserem Verein:<\/p>\n\n\n\n<figure class=\"wp-block-image size-full\"><a href=\"https:\/\/www.youtube.com\/watch?v=uDPdBx5fh-s\"><img loading=\"lazy\" decoding=\"async\" width=\"652\" height=\"370\" src=\"https:\/\/imkerverein-lohmen.de\/wp-content\/uploads\/2022\/11\/Bildschirmfoto_2022-11-17_11-02-17.png\" alt=\"\" class=\"wp-image-1262\" srcset=\"https:\/\/imkerverein-lohmen.de\/wp-content\/uploads\/2022\/11\/Bildschirmfoto_2022-11-17_11-02-17.png 652w, https:\/\/imkerverein-lohmen.de\/wp-content\/uploads\/2022\/11\/Bildschirmfoto_2022-11-17_11-02-17-300x170.png 300w\" sizes=\"auto, (max-width: 652px) 100vw, 652px\" \/><\/a><\/figure>\n","protected":false},"excerpt":{"rendered":"<p>Der Imkerverein Lohmen und Umgebung e.V. wurde 1933 gegr\u00fcndet. 1934 waren 71 Mitglieder mit ca. 700 V\u00f6lkern aus dem rechtselbigen Gebiet der S\u00e4chsischen Schweiz im Verein t\u00e4tig. Heute sind wir etwa 60 Mitglieder. Unser Lehrbienenstand in Stadt Wehlen und der Imkergarten in Rathewalde verfolgen das Ziel, neue Imker zu begeistern, Treffpunkt f\u00fcr andere Imker und &hellip; <\/p>\n<p class=\"link-more\"><a href=\"https:\/\/imkerverein-lohmen.de\/\" class=\"more-link\"><span class=\"screen-reader-text\">\u201eStartseite\u201c <\/span>weiterlesen<\/a><\/p>\n","protected":false},"author":1,"featured_media":0,"parent":0,"menu_order":0,"comment_status":"closed","ping_status":"closed","template":"","meta":{"footnotes":""},"class_list":["post-6","page","type-page","status-publish","hentry"],"_links":{"self":[{"href":"https:\/\/imkerverein-lohmen.de\/index.php\/wp-json\/wp\/v2\/pages\/6","targetHints":{"allow":["GET"]}}],"collection":[{"href":"https:\/\/imkerverein-lohmen.de\/index.php\/wp-json\/wp\/v2\/pages"}],"about":[{"href":"https:\/\/imkerverein-lohmen.de\/index.php\/wp-json\/wp\/v2\/types\/page"}],"author":[{"embeddable":true,"href":"https:\/\/imkerverein-lohmen.de\/index.php\/wp-json\/wp\/v2\/users\/1"}],"replies":[{"embeddable":true,"href":"https:\/\/imkerverein-lohmen.de\/index.php\/wp-json\/wp\/v2\/comments?post=6"}],"version-history":[{"count":99,"href":"https:\/\/imkerverein-lohmen.de\/index.php\/wp-json\/wp\/v2\/pages\/6\/revisions"}],"predecessor-version":[{"id":1517,"href":"https:\/\/imkerverein-lohmen.de\/index.php\/wp-json\/wp\/v2\/pages\/6\/revisions\/1517"}],"wp:attachment":[{"href":"https:\/\/imkerverein-lohmen.de\/index.php\/wp-json\/wp\/v2\/media?parent=6"}],"curies":[{"name":"wp","href":"https:\/\/api.w.org\/{rel}","templated":true}]}}